{"id":886,"date":"2024-12-29T14:27:48","date_gmt":"2024-12-29T13:27:48","guid":{"rendered":"https:\/\/kautenmuehle.org\/?page_id=886"},"modified":"2025-02-16T16:22:09","modified_gmt":"2025-02-16T15:22:09","slug":"chronik","status":"publish","type":"page","link":"https:\/\/kautenmuehle.org\/?page_id=886","title":{"rendered":"Chronik"},"content":{"rendered":"<div data-colibri-id=\"886-c1\" class=\"style-460 style-local-886-c1 position-relative\">\n  <!---->\n  <div data-colibri-component=\"section\" data-colibri-id=\"886-c2\" id=\"externe-chronik\" class=\"h-section h-section-global-spacing d-flex align-items-lg-center align-items-md-center align-items-center style-461 style-local-886-c2 position-relative\">\n    <!---->\n    <!---->\n    <div class=\"h-section-grid-container h-section-boxed-container\">\n      <!---->\n      <div data-colibri-id=\"886-c3\" class=\"h-row-container gutters-row-lg-0 gutters-row-md-0 gutters-row-0 gutters-row-v-lg-0 gutters-row-v-md-0 gutters-row-v-0 style-462 style-local-886-c3 position-relative\">\n        <!---->\n        <div class=\"h-row justify-content-lg-center justify-content-md-center justify-content-center align-items-lg-center align-items-md-center align-items-center gutters-col-lg-0 gutters-col-md-0 gutters-col-0 gutters-col-v-lg-0 gutters-col-v-md-0 gutters-col-v-0\">\n          <!---->\n          <div class=\"h-column h-column-container d-flex h-col-lg h-col-md h-col-auto align-self-lg-center align-self-md-center align-self-center style-463-outer style-local-886-c4-outer\">\n            <div data-colibri-id=\"886-c4\" class=\"d-flex h-flex-basis h-column__inner h-px-lg-2 h-px-md-2 h-px-2 v-inner-lg-2 v-inner-md-2 v-inner-2 style-463 style-local-886-c4 position-relative\">\n              <!---->\n              <!---->\n              <div class=\"w-100 h-y-container h-column__content h-column__v-align flex-basis-100 align-self-lg-center align-self-md-center align-self-center\">\n                <!---->\n                <div data-colibri-id=\"886-c5\" class=\"d-block style-468 style-local-886-c5 position-relative h-element\">\n                  <!---->\n                  <div class=\"h-image__frame-container-outer\">\n                    <div class=\"h-image__frame-container\">\n                      <!---->\n                      <!---->\n                      <img decoding=\"async\" src=\"https:\/\/kautenmuehle.org\/wp-content\/uploads\/2025\/01\/cropped-Historische-Kautenmuehle-1024x1024.jpg\" class=\"style-468-image style-local-886-c5-image\">\n                      <div class=\"h-image__frame h-hide-lg h-hide-md h-hide-sm style-468-frameImage style-local-886-c5-frameImage\"><\/div>\n                    <\/div>\n                    <div class=\"style-468-caption style-local-886-c5-caption\">\n                      Quelle: H. Eiser\n                    <\/div>\n                  <\/div>\n                <\/div>\n              <\/div>\n            <\/div>\n          <\/div>\n          <div class=\"h-column h-column-container d-flex h-col-lg-auto h-col-md-auto h-col-auto align-self-lg-center align-self-md-center align-self-center style-464-outer style-local-886-c6-outer\">\n            <div data-colibri-id=\"886-c6\" class=\"d-flex h-flex-basis h-column__inner h-px-lg-2 h-px-md-2 h-px-2 v-inner-lg-2 v-inner-md-2 v-inner-2 style-464 style-local-886-c6 position-relative\">\n              <!---->\n              <!---->\n              <div class=\"w-100 h-y-container h-column__content h-column__v-align flex-basis-100 align-self-lg-start align-self-md-start align-self-start\">\n                <!---->\n                <div data-colibri-id=\"886-c7\" class=\"h-x-container style-466 style-local-886-c7 position-relative h-element\">\n                  <!---->\n                  <div class=\"h-x-container-inner style-dynamic-886-c7-group style-466-spacing style-local-886-c7-spacing\"><span class=\"h-link__outer style-467-outer style-local-886-c8-outer d-inline-flex h-element\"><a h-use-smooth-scroll=\"true\" href=\"https:\/\/argewe.lima-city.de\/wewa8\/kautenmuehle\/kautenmuehle.html\" target=\"_blank\"  data-colibri-id=\"886-c8\" class=\"d-flex w-100 align-items-center h-link style-467 style-local-886-c8 position-relative\"><!----><!----> <span>Heimatforschung von Wilfried G\u00f6bler<\/span><\/a>\n                    <\/span>\n                  <\/div>\n                <\/div>\n                <div data-colibri-id=\"886-c9\" class=\"h-text h-text-component style-465 style-local-886-c9 position-relative h-element\">\n                  <!---->\n                  <!---->\n                  <div class=\"\">\n                    <ul>\n                      <li>Erstmals erw\u00e4hnt 1370 als Kutemuyl<\/li>\n                      <li>Es handelte sich um eine wiedische Bannm\u00fchle, die jedoch im 30j\u00e4hrigen Krieg verfiel<\/li>\n                      <li>06.02.1683 ersuchte Johann Peter von Stade aus Freilingen seinen Grafen von Wied um Erlaubnis, die verfallende Kautenm\u00fchle als wiedische Bannm\u00fchle wieder aufbauen zu d\u00fcrfen<\/li>\n                      <li>1749 verkauften die Erben 1\/4 Anteil der M\u00fchle an die Herrschaft (Wied-Neuwied), f\u00fcr 300 Reichsthaler<\/li>\n                      <li>1757 kauft Wied-Neuwied den Rest, also 3\/4, f\u00fcr 950 Reichsthaler und verpachtet die M\u00fchle an Johann Adam Hummerich<\/li>\n                      <li>1781\/1782 befindet sie sich in einem schlechten Bauzustand und wird 1783 neu erbaut<\/li>\n                      <li>1792 kauft sie Johann Lorenz H\u00e4berlein von Niederhonnefeld<\/li>\n                      <li>15.08.1849 kommt die M\u00fchle durch Erbschaft und Erbteilung an Jacob Leyendecker und im Jahre 1862 kommt sie an Johannes Gecks, wahrscheinlich aus Hartenfels<\/li>\n                      <li>Am 30.03.1867 kauft Johannes Wilhelm Eiser von W\u00f6lferlingen, Witwer mit f\u00fcnf Kindern, die M\u00fchle mit Wohnhaus, Stall\/Scheune, Backhaus, Hofraum\/Garten, Acker ober der M\u00fchle&nbsp;und Acker M\u00fcllersfl\u00fcrchen\n                        <br>\n                      <\/li>\n                    <\/ul>\n                    <p>\n                      <br>\n                    <\/p>\n                  <\/div>\n                <\/div>\n              <\/div>\n            <\/div>\n          <\/div>\n        <\/div>\n      <\/div>\n    <\/div>\n  <\/div>\n  <div data-colibri-component=\"section\" data-colibri-id=\"886-c10\" id=\"neue-geschichte\" class=\"h-section h-section-global-spacing d-flex align-items-lg-center align-items-md-center align-items-center style-626 style-local-886-c10 position-relative\">\n    <!---->\n    <!---->\n    <div class=\"h-section-grid-container h-section-boxed-container\">\n      <!---->\n      <div data-colibri-id=\"886-c11\" class=\"h-row-container gutters-row-lg-0 gutters-row-md-0 gutters-row-0 gutters-row-v-lg-0 gutters-row-v-md-0 gutters-row-v-0 style-627 style-local-886-c11 position-relative\">\n        <!---->\n        <div class=\"h-row justify-content-lg-center justify-content-md-center justify-content-center align-items-lg-center align-items-md-center align-items-center gutters-col-lg-0 gutters-col-md-0 gutters-col-0 gutters-col-v-lg-0 gutters-col-v-md-0 gutters-col-v-0\">\n          <!---->\n          <div class=\"h-column h-column-container d-flex h-col-lg-auto h-col-md-auto h-col-auto align-self-lg-center align-self-md-center align-self-center style-630-outer style-local-886-c12-outer\">\n            <div data-colibri-id=\"886-c12\" class=\"d-flex h-flex-basis h-column__inner h-px-lg-2 h-px-md-2 h-px-2 v-inner-lg-2 v-inner-md-2 v-inner-2 style-630 style-local-886-c12 position-relative\">\n              <!---->\n              <!---->\n              <div class=\"w-100 h-y-container h-column__content h-column__v-align flex-basis-100 align-self-lg-start align-self-md-start align-self-start\">\n                <!---->\n                <div data-colibri-id=\"886-c13\" class=\"h-text h-text-component style-633 style-local-886-c13 position-relative h-element\">\n                  <!---->\n                  <!---->\n                  <div class=\"\">\n                    <p>\n                      <br>\n                    <\/p>\n                    <p>\n                      <br>\n                    <\/p>\n                    <ul>\n                      <li>Die Kautenm\u00fchle und ihr Land sind 156 Jahre von der Familie Eiser gehegt und gepflegt worden<\/li>\n                      <li>Am 23. Mai 2023 wurde diese Aufgabe von einer K\u00e4ufergemeinschaft zweier Familien \u00fcbernommen<\/li>\n                      <li>Seit dem 4. Juni 2024 ist die Familie W\u00fclker H\u00fcter der Kautenm\u00fchle<\/li>\n                    <\/ul>\n                    <p>\n                      <br>\n                    <\/p>\n                    <p>\n                      <br>\n                    <\/p>\n                  <\/div>\n                <\/div>\n              <\/div>\n            <\/div>\n          <\/div>\n          <div class=\"h-column h-column-container d-flex h-col-lg h-col-md h-col-auto align-self-lg-center align-self-md-center align-self-center style-628-outer style-local-886-c14-outer\">\n            <div data-colibri-id=\"886-c14\" class=\"d-flex h-flex-basis h-column__inner h-px-lg-2 h-px-md-2 h-px-2 v-inner-lg-2 v-inner-md-2 v-inner-2 style-628 style-local-886-c14 position-relative\">\n              <!---->\n              <!---->\n              <div class=\"w-100 h-y-container h-column__content h-column__v-align flex-basis-100 align-self-lg-center align-self-md-center align-self-center\">\n                <!---->\n                <div data-colibri-id=\"886-c15\" class=\"d-block style-629 style-local-886-c15 position-relative h-element\">\n                  <!---->\n                  <div class=\"h-image__frame-container-outer\">\n                    <div class=\"h-image__frame-container\">\n                      <!---->\n                      <!---->\n                      <img loading=\"lazy\" decoding=\"async\" width=\"2220\" height=\"1754\" src=\"https:\/\/kautenmuehle.org\/wp-content\/uploads\/2025\/02\/cropped-Helmut_Eiser-19-scaled-1.jpeg\" class=\"wp-image-2357 style-629-image style-local-886-c15-image\" alt=\"\" srcset=\"https:\/\/kautenmuehle.org\/wp-content\/uploads\/2025\/02\/cropped-Helmut_Eiser-19-scaled-1.jpeg 2220w, https:\/\/kautenmuehle.org\/wp-content\/uploads\/2025\/02\/cropped-Helmut_Eiser-19-scaled-1-300x237.jpeg 300w, https:\/\/kautenmuehle.org\/wp-content\/uploads\/2025\/02\/cropped-Helmut_Eiser-19-scaled-1-1024x809.jpeg 1024w, https:\/\/kautenmuehle.org\/wp-content\/uploads\/2025\/02\/cropped-Helmut_Eiser-19-scaled-1-768x607.jpeg 768w, https:\/\/kautenmuehle.org\/wp-content\/uploads\/2025\/02\/cropped-Helmut_Eiser-19-scaled-1-1536x1214.jpeg 1536w, https:\/\/kautenmuehle.org\/wp-content\/uploads\/2025\/02\/cropped-Helmut_Eiser-19-scaled-1-2048x1618.jpeg 2048w\" sizes=\"auto, (max-width: 2220px) 100vw, 2220px\" \/>\n                      <div class=\"h-image__frame h-hide-lg h-hide-md h-hide-sm style-629-frameImage style-local-886-c15-frameImage\"><\/div>\n                    <\/div>\n                    <div class=\"style-629-caption style-local-886-c15-caption\">\n                      Quelle: H. Eiser\n                    <\/div>\n                  <\/div>\n                <\/div>\n              <\/div>\n            <\/div>\n          <\/div>\n        <\/div>\n      <\/div>\n    <\/div>\n  <\/div>\n<\/div>","protected":false},"excerpt":{"rendered":"<p>Quelle: H. Eiser Heimatforschung von Wilfried G\u00f6bler Erstmals erw\u00e4hnt 1370 als Kutemuyl Es handelte sich um eine wiedische Bannm\u00fchle, die jedoch im 30j\u00e4hrigen Krieg verfiel 06.02.1683 ersuchte Johann Peter von Stade aus Freilingen seinen Grafen von Wied um Erlaubnis, die verfallende Kautenm\u00fchle als wiedische Bannm\u00fchle wieder aufbauen zu d\u00fcrfen 1749 verkauften die Erben 1\/4 Anteil [&hellip;]<\/p>\n","protected":false},"author":1,"featured_media":0,"parent":0,"menu_order":0,"comment_status":"closed","ping_status":"closed","template":"page-templates\/full-width-page.php","meta":{"footnotes":""},"class_list":["post-886","page","type-page","status-publish","hentry"],"_links":{"self":[{"href":"https:\/\/kautenmuehle.org\/index.php?rest_route=\/wp\/v2\/pages\/886","targetHints":{"allow":["GET"]}}],"collection":[{"href":"https:\/\/kautenmuehle.org\/index.php?rest_route=\/wp\/v2\/pages"}],"about":[{"href":"https:\/\/kautenmuehle.org\/index.php?rest_route=\/wp\/v2\/types\/page"}],"author":[{"embeddable":true,"href":"https:\/\/kautenmuehle.org\/index.php?rest_route=\/wp\/v2\/users\/1"}],"replies":[{"embeddable":true,"href":"https:\/\/kautenmuehle.org\/index.php?rest_route=%2Fwp%2Fv2%2Fcomments&post=886"}],"version-history":[{"count":20,"href":"https:\/\/kautenmuehle.org\/index.php?rest_route=\/wp\/v2\/pages\/886\/revisions"}],"predecessor-version":[{"id":2571,"href":"https:\/\/kautenmuehle.org\/index.php?rest_route=\/wp\/v2\/pages\/886\/revisions\/2571"}],"wp:attachment":[{"href":"https:\/\/kautenmuehle.org\/index.php?rest_route=%2Fwp%2Fv2%2Fmedia&parent=886"}],"curies":[{"name":"wp","href":"https:\/\/api.w.org\/{rel}","templated":true}]}}